{"id":471,"date":"2026-01-16T19:24:57","date_gmt":"2026-01-16T19:24:57","guid":{"rendered":"https:\/\/mystictravel.ie\/?page_id=471"},"modified":"2026-01-16T19:26:22","modified_gmt":"2026-01-16T19:26:22","slug":"blog","status":"publish","type":"page","link":"https:\/\/mystictravel.ie\/hu\/blog\/","title":{"rendered":"Blog"},"content":{"rendered":"<div data-elementor-type=\"wp-page\" data-elementor-id=\"471\" class=\"elementor elementor-471\" data-elementor-post-type=\"page\">\n\t\t\t\t<div class=\"elementor-element elementor-element-f3f93b2 e-con-full e-flex e-con e-parent\" data-id=\"f3f93b2\" data-element_type=\"container\" data-settings=\"{&quot;background_background&quot;:&quot;classic&quot;}\">\n\t\t<div class=\"elementor-element elementor-element-d5936f4 e-flex e-con-boxed e-con e-child\" data-id=\"d5936f4\" data-element_type=\"container\">\n\t\t\t\t\t<div class=\"e-con-inner\">\n\t\t\t\t<div class=\"elementor-element elementor-element-9a9fd45 animated-slow elementor-invisible elementor-widget elementor-widget-image\" data-id=\"9a9fd45\" data-element_type=\"widget\" data-settings=\"{&quot;_animation&quot;:&quot;fadeIn&quot;,&quot;_animation_delay&quot;:500}\" data-widget_type=\"image.default\">\n\t\t\t\t\t\t\t\t\t\t\t\t\t\t\t<img decoding=\"async\" src=\"https:\/\/mystictravel.ie\/wp-content\/uploads\/elementor\/thumbs\/Mystic-Travel-LOGO_csl-rhjs87bmeocyvanzxp4nbbx7t01we90egsqoqf59p8.png\" title=\"Mystic Travel LOGO_csl\" alt=\"Mystic Travel LOGO_csl\" loading=\"lazy\" \/>\t\t\t\t\t\t\t\t\t\t\t\t\t\t\t<\/div>\n\t\t\t\t\t<\/div>\n\t\t\t\t<\/div>\n\t\t\t\t<\/div>\n\t\t<div class=\"elementor-element elementor-element-ad59f80 e-flex e-con-boxed e-con e-parent\" data-id=\"ad59f80\" data-element_type=\"container\">\n\t\t\t\t\t<div class=\"e-con-inner\">\n\t\t\t\t<div class=\"elementor-element elementor-element-56badc9 elementor-posts--align-center elementor-grid-3 elementor-grid-tablet-2 elementor-grid-mobile-1 elementor-posts--thumbnail-top elementor-card-shadow-yes elementor-posts__hover-gradient elementor-widget elementor-widget-posts\" data-id=\"56badc9\" data-element_type=\"widget\" data-settings=\"{&quot;cards_columns&quot;:&quot;3&quot;,&quot;cards_columns_tablet&quot;:&quot;2&quot;,&quot;cards_columns_mobile&quot;:&quot;1&quot;,&quot;cards_row_gap&quot;:{&quot;unit&quot;:&quot;px&quot;,&quot;size&quot;:35,&quot;sizes&quot;:[]},&quot;cards_row_gap_tablet&quot;:{&quot;unit&quot;:&quot;px&quot;,&quot;size&quot;:&quot;&quot;,&quot;sizes&quot;:[]},&quot;cards_row_gap_mobile&quot;:{&quot;unit&quot;:&quot;px&quot;,&quot;size&quot;:&quot;&quot;,&quot;sizes&quot;:[]}}\" data-widget_type=\"posts.cards\">\n\t\t\t\t<div class=\"elementor-widget-container\">\n\t\t\t\t\t\t\t<div class=\"elementor-posts-container elementor-posts elementor-posts--skin-cards elementor-grid\" role=\"list\">\n\t\t\t\t<article class=\"elementor-post elementor-grid-item post-466 post type-post status-publish format-standard has-post-thumbnail hentry category-travel-blog\" role=\"listitem\">\n\t\t\t<div class=\"elementor-post__card\">\n\t\t\t\t<a class=\"elementor-post__thumbnail__link\" href=\"https:\/\/mystictravel.ie\/hu\/when-the-heart-calls-for-travelling-ii\/\" tabindex=\"-1\" ><div class=\"elementor-post__thumbnail\"><img fetchpriority=\"high\" decoding=\"async\" width=\"300\" height=\"192\" src=\"https:\/\/mystictravel.ie\/wp-content\/uploads\/2026\/01\/Blog_santis_WhenTheHeartCalls2-300x192.jpg\" class=\"attachment-medium size-medium wp-image-463\" alt=\"\" srcset=\"https:\/\/mystictravel.ie\/wp-content\/uploads\/2026\/01\/Blog_santis_WhenTheHeartCalls2-300x192.jpg 300w, https:\/\/mystictravel.ie\/wp-content\/uploads\/2026\/01\/Blog_santis_WhenTheHeartCalls2-1024x656.jpg 1024w, https:\/\/mystictravel.ie\/wp-content\/uploads\/2026\/01\/Blog_santis_WhenTheHeartCalls2-768x492.jpg 768w, https:\/\/mystictravel.ie\/wp-content\/uploads\/2026\/01\/Blog_santis_WhenTheHeartCalls2-600x384.jpg 600w, https:\/\/mystictravel.ie\/wp-content\/uploads\/2026\/01\/Blog_santis_WhenTheHeartCalls2.jpg 1280w\" sizes=\"(max-width: 300px) 100vw, 300px\" \/><\/div><\/a>\n\t\t\t\t<div class=\"elementor-post__text\">\n\t\t\t\t<h3 class=\"elementor-post__title\">\n\t\t\t<a href=\"https:\/\/mystictravel.ie\/hu\/when-the-heart-calls-for-travelling-ii\/\" >\n\t\t\t\tAMIKOR A SZ\u00cdV UTAZ\u00c1SRA H\u00cdV II.\t\t\t<\/a>\n\t\t<\/h3>\n\t\t\t\t<div class=\"elementor-post__excerpt\">\n\t\t\t<p>A k\u00f6vetkez\u0151 isteni h\u00edv\u00e1som 2018-ban \u00e9rkezett. Azt kell mondanom, hogy az akkori vezet\u0151im sokkal pontosabbak \u00e9s gyorsabbak voltak. Eml\u00e9kszem, szeptember k\u00f6zepe volt, \u00e9s \u00e9ppen egy Sz\u00edvf\u00e9ny tan\u00e1r bar\u00e1tommal folytattam egy gy\u00f3gy\u00edt\u00f3 besz\u00e9lget\u00e9st. Amint lehunytam a szemem a massz\u00e1zsasztalon, egy tiszta \u00fczenetet hallottam telepatikusan: \u201eMenj Sankt Gallenbe!\u201d. Amint elkezdtem megk\u00e9rd\u0151jelezni, az \u00fczenet ism\u00e9t hat\u00e1rozottan \u00e9s tiszt\u00e1n \u00e9rkezett: \u201eMenj Sankt Gallenbe!\u201d. \u00c9s m\u00e9g egyszer. Lass\u00fa, hat\u00e1rozott \u00e9s pontos volt. T\u00f6bb\u00e9 nem k\u00e9telkedhettem az \u00fczenetben.<br \/>\nI know there are no coincidences. The day before this had happened, I had a business meeting with a man from Switzerland, who happened to be from Sankt Gallen. Should this had happened before then, I would not have had a clue where Sankt Gallen was.<\/p>\n\t\t<\/div>\n\t\t\n\t\t<a class=\"elementor-post__read-more\" href=\"https:\/\/mystictravel.ie\/hu\/when-the-heart-calls-for-travelling-ii\/\" aria-label=\"Read more about WHEN THE HEART CALLS FOR TRAVELLING II.\" tabindex=\"-1\" >\n\t\t\tTov\u00e1bb olvasom &gt;&gt;\t\t<\/a>\n\n\t\t\t\t<\/div>\n\t\t\t\t\t<\/div>\n\t\t<\/article>\n\t\t\t\t<article class=\"elementor-post elementor-grid-item post-462 post type-post status-publish format-standard has-post-thumbnail hentry category-travel-blog\" role=\"listitem\">\n\t\t\t<div class=\"elementor-post__card\">\n\t\t\t\t<a class=\"elementor-post__thumbnail__link\" href=\"https:\/\/mystictravel.ie\/hu\/when-the-heart-calls-for-travelling-i\/\" tabindex=\"-1\" ><div class=\"elementor-post__thumbnail\"><img decoding=\"async\" width=\"300\" height=\"201\" src=\"https:\/\/mystictravel.ie\/wp-content\/uploads\/2026\/01\/Blog_Galway-Seagall_WhenThe-Heart-Calls1-300x201.jpg\" class=\"attachment-medium size-medium wp-image-464\" alt=\"\" srcset=\"https:\/\/mystictravel.ie\/wp-content\/uploads\/2026\/01\/Blog_Galway-Seagall_WhenThe-Heart-Calls1-300x201.jpg 300w, https:\/\/mystictravel.ie\/wp-content\/uploads\/2026\/01\/Blog_Galway-Seagall_WhenThe-Heart-Calls1-1024x686.jpg 1024w, https:\/\/mystictravel.ie\/wp-content\/uploads\/2026\/01\/Blog_Galway-Seagall_WhenThe-Heart-Calls1-768x514.jpg 768w, https:\/\/mystictravel.ie\/wp-content\/uploads\/2026\/01\/Blog_Galway-Seagall_WhenThe-Heart-Calls1-600x402.jpg 600w, https:\/\/mystictravel.ie\/wp-content\/uploads\/2026\/01\/Blog_Galway-Seagall_WhenThe-Heart-Calls1.jpg 1280w\" sizes=\"(max-width: 300px) 100vw, 300px\" \/><\/div><\/a>\n\t\t\t\t<div class=\"elementor-post__text\">\n\t\t\t\t<h3 class=\"elementor-post__title\">\n\t\t\t<a href=\"https:\/\/mystictravel.ie\/hu\/when-the-heart-calls-for-travelling-i\/\" >\n\t\t\t\tAMIKOR A SZ\u00cdV UTAZ\u00c1SRA H\u00cdV I.\t\t\t<\/a>\n\t\t<\/h3>\n\t\t\t\t<div class=\"elementor-post__excerpt\">\n\t\t\t<p>\u00c9let\u00fcnk sor\u00e1n n\u00e9ha ellen\u00e1llhatatlan v\u00e1gyat \u00e9rz\u00fcnk, egy h\u00edv\u00e1st, hogy elutazzunk egy bizonyos helyre. A term\u00e9szet \u00e9s a t\u00e1j h\u00edv minket. N\u00e9ha lehet, hogy energetikai aktiv\u00e1l\u00e1sr\u00f3l, az energi\u00e1nk felfriss\u00edt\u00e9s\u00e9r\u0151l van sz\u00f3, vagy van valami befejezetlen \u00fcgy\u00fcnk egy m\u00faltbeli vagy p\u00e1rhuzamos \u00e9letb\u0151l. B\u00e1r lehet, hogy nem vagyunk tudat\u00e1ban a helyzetnek, utaz\u00e1saink sor\u00e1n energetikai csere zajlik. Amikor ezekre a helyekre megy\u00fcnk, \u00fajra kapcsolatba l\u00e9phet\u00fcnk azokkal a k\u00e9pess\u00e9gekkel vagy pozit\u00edv energi\u00e1kkal, amelyeket m\u00e1s \u00e9letekb\u0151l tapasztaltunk meg ott.<\/p>\n\t\t<\/div>\n\t\t\n\t\t<a class=\"elementor-post__read-more\" href=\"https:\/\/mystictravel.ie\/hu\/when-the-heart-calls-for-travelling-i\/\" aria-label=\"Read more about WHEN THE HEART CALLS FOR TRAVELLING I.\" tabindex=\"-1\" >\n\t\t\tTov\u00e1bb olvasom &gt;&gt;\t\t<\/a>\n\n\t\t\t\t<\/div>\n\t\t\t\t\t<\/div>\n\t\t<\/article>\n\t\t\t\t<article class=\"elementor-post elementor-grid-item post-251 post type-post status-publish format-standard has-post-thumbnail hentry category-travel-blog\" role=\"listitem\">\n\t\t\t<div class=\"elementor-post__card\">\n\t\t\t\t<a class=\"elementor-post__thumbnail__link\" href=\"https:\/\/mystictravel.ie\/hu\/touched-by-divinity-in-assisi\/\" tabindex=\"-1\" ><div class=\"elementor-post__thumbnail\"><img decoding=\"async\" width=\"300\" height=\"225\" src=\"https:\/\/mystictravel.ie\/wp-content\/uploads\/2026\/01\/BLOG-20240129_Basilica_at_night-300x225.jpg\" class=\"attachment-medium size-medium wp-image-437\" alt=\"\" srcset=\"https:\/\/mystictravel.ie\/wp-content\/uploads\/2026\/01\/BLOG-20240129_Basilica_at_night-300x225.jpg 300w, https:\/\/mystictravel.ie\/wp-content\/uploads\/2026\/01\/BLOG-20240129_Basilica_at_night-1024x768.jpg 1024w, https:\/\/mystictravel.ie\/wp-content\/uploads\/2026\/01\/BLOG-20240129_Basilica_at_night-768x576.jpg 768w, https:\/\/mystictravel.ie\/wp-content\/uploads\/2026\/01\/BLOG-20240129_Basilica_at_night-1536x1152.jpg 1536w, https:\/\/mystictravel.ie\/wp-content\/uploads\/2026\/01\/BLOG-20240129_Basilica_at_night-2048x1536.jpg 2048w, https:\/\/mystictravel.ie\/wp-content\/uploads\/2026\/01\/BLOG-20240129_Basilica_at_night-600x450.jpg 600w, https:\/\/mystictravel.ie\/wp-content\/uploads\/2026\/01\/BLOG-20240129_Basilica_at_night-scaled.jpg 1920w\" sizes=\"(max-width: 300px) 100vw, 300px\" \/><\/div><\/a>\n\t\t\t\t<div class=\"elementor-post__text\">\n\t\t\t\t<h3 class=\"elementor-post__title\">\n\t\t\t<a href=\"https:\/\/mystictravel.ie\/hu\/touched-by-divinity-in-assisi\/\" >\n\t\t\t\tAZ ISTENS\u00c9G \u00c1LTAL MEG\u00c9RINTVE ASSISIBEN\t\t\t<\/a>\n\t\t<\/h3>\n\t\t\t\t<div class=\"elementor-post__excerpt\">\n\t\t\t<p>Vicces, hogy most tapasztaltam meg a legt\u00f6bb var\u00e1zslatot, szinkronicit\u00e1st \u00e9s isteni id\u0151z\u00edt\u00e9st. V\u00e1gyat \u00e9rzek a megoszt\u00e1sra, m\u00e9gis nehezen tal\u00e1lom a szavakat. Hogyan oszthatn\u00e9k meg valamit, amit igaz\u00e1n csak a sz\u00edv tud \u00e9rezni? Ez is r\u00e9sze az \u00e9lm\u00e9nynek, amit nem tudok megosztani, mivel t\u00fal szem\u00e9lyesek, de mindenk\u00e9ppen igyekszem \u00e9reztetni veletek a var\u00e1zslatot. Kezdj\u00fck egy kis numerol\u00f3gi\u00e1val: 2024 a 8-as \u00e9v, \u00e9s az \u00e9n szem\u00e9lyes \u00e9vem is egy 8-as. Teh\u00e1t hatalmas lehet\u0151s\u00e9g van arra, hogy megval\u00f3s\u00edtsam az \u00e1lmaimat.<\/p>\n\t\t<\/div>\n\t\t\n\t\t<a class=\"elementor-post__read-more\" href=\"https:\/\/mystictravel.ie\/hu\/touched-by-divinity-in-assisi\/\" aria-label=\"Read more about TOUCHED BY DIVINITY IN ASSISI\" tabindex=\"-1\" >\n\t\t\tTov\u00e1bb olvasom &gt;&gt;\t\t<\/a>\n\n\t\t\t\t<\/div>\n\t\t\t\t\t<\/div>\n\t\t<\/article>\n\t\t\t\t<\/div>\n\t\t\n\t\t\t\t\t\t<\/div>\n\t\t\t\t<\/div>\n\t\t\t\t\t<\/div>\n\t\t\t\t<\/div>\n\t\t\t\t<\/div>","protected":false},"excerpt":{"rendered":"","protected":false},"author":2,"featured_media":0,"parent":0,"menu_order":0,"comment_status":"closed","ping_status":"closed","template":"elementor_header_footer","meta":{"footnotes":""},"class_list":["post-471","page","type-page","status-publish","hentry"],"yoast_head":"<!-- This site is optimized with the Yoast SEO plugin v27.6 - https:\/\/yoast.com\/product\/yoast-seo-wordpress\/ -->\n<title>Blog - Mystic Travel<\/title>\n<meta name=\"robots\" content=\"index, follow, max-snippet:-1, max-image-preview:large, max-video-preview:-1\" \/>\n<link rel=\"canonical\" href=\"https:\/\/mystictravel.ie\/hu\/blog\/\" \/>\n<meta property=\"og:locale\" content=\"hu_HU\" \/>\n<meta property=\"og:type\" content=\"article\" \/>\n<meta property=\"og:title\" content=\"Blog - Mystic Travel\" \/>\n<meta property=\"og:url\" content=\"https:\/\/mystictravel.ie\/hu\/blog\/\" \/>\n<meta property=\"og:site_name\" content=\"Mystic Travel\" \/>\n<meta property=\"article:modified_time\" content=\"2026-01-16T19:26:22+00:00\" \/>\n<meta property=\"og:image\" content=\"https:\/\/mystictravel.ie\/wp-content\/uploads\/elementor\/thumbs\/Mystic-Travel-LOGO_csl-rhjs87bmeocyvanzxp4nbbx7t01we90egsqoqf59p8.png\" \/>\n<meta name=\"twitter:card\" content=\"summary_large_image\" \/>\n<meta name=\"twitter:label1\" content=\"Becs\u00fclt olvas\u00e1si id\u0151\" \/>\n\t<meta name=\"twitter:data1\" content=\"1 perc\" \/>\n<script type=\"application\/ld+json\" class=\"yoast-schema-graph\">{\"@context\":\"https:\\\/\\\/schema.org\",\"@graph\":[{\"@type\":\"WebPage\",\"@id\":\"https:\\\/\\\/mystictravel.ie\\\/blog\\\/\",\"url\":\"https:\\\/\\\/mystictravel.ie\\\/blog\\\/\",\"name\":\"Blog - Mystic Travel\",\"isPartOf\":{\"@id\":\"https:\\\/\\\/mystictravel.ie\\\/#website\"},\"primaryImageOfPage\":{\"@id\":\"https:\\\/\\\/mystictravel.ie\\\/blog\\\/#primaryimage\"},\"image\":{\"@id\":\"https:\\\/\\\/mystictravel.ie\\\/blog\\\/#primaryimage\"},\"thumbnailUrl\":\"https:\\\/\\\/mystictravel.ie\\\/wp-content\\\/uploads\\\/elementor\\\/thumbs\\\/Mystic-Travel-LOGO_csl-rhjs87bmeocyvanzxp4nbbx7t01we90egsqoqf59p8.png\",\"datePublished\":\"2026-01-16T19:24:57+00:00\",\"dateModified\":\"2026-01-16T19:26:22+00:00\",\"breadcrumb\":{\"@id\":\"https:\\\/\\\/mystictravel.ie\\\/blog\\\/#breadcrumb\"},\"inLanguage\":\"hu\",\"potentialAction\":[{\"@type\":\"ReadAction\",\"target\":[\"https:\\\/\\\/mystictravel.ie\\\/blog\\\/\"]}]},{\"@type\":\"ImageObject\",\"inLanguage\":\"hu\",\"@id\":\"https:\\\/\\\/mystictravel.ie\\\/blog\\\/#primaryimage\",\"url\":\"https:\\\/\\\/mystictravel.ie\\\/wp-content\\\/uploads\\\/elementor\\\/thumbs\\\/Mystic-Travel-LOGO_csl-rhjs87bmeocyvanzxp4nbbx7t01we90egsqoqf59p8.png\",\"contentUrl\":\"https:\\\/\\\/mystictravel.ie\\\/wp-content\\\/uploads\\\/elementor\\\/thumbs\\\/Mystic-Travel-LOGO_csl-rhjs87bmeocyvanzxp4nbbx7t01we90egsqoqf59p8.png\"},{\"@type\":\"BreadcrumbList\",\"@id\":\"https:\\\/\\\/mystictravel.ie\\\/blog\\\/#breadcrumb\",\"itemListElement\":[{\"@type\":\"ListItem\",\"position\":1,\"name\":\"Kezd\u0151lap\",\"item\":\"https:\\\/\\\/mystictravel.ie\\\/\"},{\"@type\":\"ListItem\",\"position\":2,\"name\":\"Blog\"}]},{\"@type\":\"WebSite\",\"@id\":\"https:\\\/\\\/mystictravel.ie\\\/#website\",\"url\":\"https:\\\/\\\/mystictravel.ie\\\/\",\"name\":\"Mystic Travel\",\"description\":\"Sacred journeys\",\"potentialAction\":[{\"@type\":\"SearchAction\",\"target\":{\"@type\":\"EntryPoint\",\"urlTemplate\":\"https:\\\/\\\/mystictravel.ie\\\/?s={search_term_string}\"},\"query-input\":{\"@type\":\"PropertyValueSpecification\",\"valueRequired\":true,\"valueName\":\"search_term_string\"}}],\"inLanguage\":\"hu\"}]}<\/script>\n<!-- \/ Yoast SEO plugin. -->","yoast_head_json":{"title":"Blog - Mystic Travel","robots":{"index":"index","follow":"follow","max-snippet":"max-snippet:-1","max-image-preview":"max-image-preview:large","max-video-preview":"max-video-preview:-1"},"canonical":"https:\/\/mystictravel.ie\/hu\/blog\/","og_locale":"hu_HU","og_type":"article","og_title":"Blog - Mystic Travel","og_url":"https:\/\/mystictravel.ie\/hu\/blog\/","og_site_name":"Mystic Travel","article_modified_time":"2026-01-16T19:26:22+00:00","og_image":[{"url":"https:\/\/mystictravel.ie\/wp-content\/uploads\/elementor\/thumbs\/Mystic-Travel-LOGO_csl-rhjs87bmeocyvanzxp4nbbx7t01we90egsqoqf59p8.png","type":"","width":"","height":""}],"twitter_card":"summary_large_image","twitter_misc":{"Becs\u00fclt olvas\u00e1si id\u0151":"1 perc"},"schema":{"@context":"https:\/\/schema.org","@graph":[{"@type":"WebPage","@id":"https:\/\/mystictravel.ie\/blog\/","url":"https:\/\/mystictravel.ie\/blog\/","name":"Blog - Mystic Travel","isPartOf":{"@id":"https:\/\/mystictravel.ie\/#website"},"primaryImageOfPage":{"@id":"https:\/\/mystictravel.ie\/blog\/#primaryimage"},"image":{"@id":"https:\/\/mystictravel.ie\/blog\/#primaryimage"},"thumbnailUrl":"https:\/\/mystictravel.ie\/wp-content\/uploads\/elementor\/thumbs\/Mystic-Travel-LOGO_csl-rhjs87bmeocyvanzxp4nbbx7t01we90egsqoqf59p8.png","datePublished":"2026-01-16T19:24:57+00:00","dateModified":"2026-01-16T19:26:22+00:00","breadcrumb":{"@id":"https:\/\/mystictravel.ie\/blog\/#breadcrumb"},"inLanguage":"hu","potentialAction":[{"@type":"ReadAction","target":["https:\/\/mystictravel.ie\/blog\/"]}]},{"@type":"ImageObject","inLanguage":"hu","@id":"https:\/\/mystictravel.ie\/blog\/#primaryimage","url":"https:\/\/mystictravel.ie\/wp-content\/uploads\/elementor\/thumbs\/Mystic-Travel-LOGO_csl-rhjs87bmeocyvanzxp4nbbx7t01we90egsqoqf59p8.png","contentUrl":"https:\/\/mystictravel.ie\/wp-content\/uploads\/elementor\/thumbs\/Mystic-Travel-LOGO_csl-rhjs87bmeocyvanzxp4nbbx7t01we90egsqoqf59p8.png"},{"@type":"BreadcrumbList","@id":"https:\/\/mystictravel.ie\/blog\/#breadcrumb","itemListElement":[{"@type":"ListItem","position":1,"name":"Kezd\u0151lap","item":"https:\/\/mystictravel.ie\/"},{"@type":"ListItem","position":2,"name":"Blog"}]},{"@type":"WebSite","@id":"https:\/\/mystictravel.ie\/#website","url":"https:\/\/mystictravel.ie\/","name":"Mystic Travel","description":"Sacred journeys","potentialAction":[{"@type":"SearchAction","target":{"@type":"EntryPoint","urlTemplate":"https:\/\/mystictravel.ie\/?s={search_term_string}"},"query-input":{"@type":"PropertyValueSpecification","valueRequired":true,"valueName":"search_term_string"}}],"inLanguage":"hu"}]}},"_links":{"self":[{"href":"https:\/\/mystictravel.ie\/hu\/wp-json\/wp\/v2\/pages\/471","targetHints":{"allow":["GET"]}}],"collection":[{"href":"https:\/\/mystictravel.ie\/hu\/wp-json\/wp\/v2\/pages"}],"about":[{"href":"https:\/\/mystictravel.ie\/hu\/wp-json\/wp\/v2\/types\/page"}],"author":[{"embeddable":true,"href":"https:\/\/mystictravel.ie\/hu\/wp-json\/wp\/v2\/users\/2"}],"replies":[{"embeddable":true,"href":"https:\/\/mystictravel.ie\/hu\/wp-json\/wp\/v2\/comments?post=471"}],"version-history":[{"count":4,"href":"https:\/\/mystictravel.ie\/hu\/wp-json\/wp\/v2\/pages\/471\/revisions"}],"predecessor-version":[{"id":476,"href":"https:\/\/mystictravel.ie\/hu\/wp-json\/wp\/v2\/pages\/471\/revisions\/476"}],"wp:attachment":[{"href":"https:\/\/mystictravel.ie\/hu\/wp-json\/wp\/v2\/media?parent=471"}],"curies":[{"name":"wp","href":"https:\/\/api.w.org\/{rel}","templated":true}]}}