{"id":862,"date":"2026-02-02T12:48:48","date_gmt":"2026-02-02T12:48:48","guid":{"rendered":"https:\/\/mystictravel.ie\/?page_id=862"},"modified":"2026-02-02T13:02:55","modified_gmt":"2026-02-02T13:02:55","slug":"thank-you","status":"publish","type":"page","link":"https:\/\/mystictravel.ie\/hu\/thank-you\/","title":{"rendered":"Thank you"},"content":{"rendered":"<div data-elementor-type=\"wp-page\" data-elementor-id=\"862\" class=\"elementor elementor-862\" data-elementor-post-type=\"page\">\n\t\t\t\t<div class=\"elementor-element elementor-element-ffd73fe e-flex e-con-boxed e-con e-parent\" data-id=\"ffd73fe\" data-element_type=\"container\">\n\t\t\t\t\t<div class=\"e-con-inner\">\n\t\t\t\t<div class=\"elementor-element elementor-element-b4e20b9 elementor-widget elementor-widget-heading\" data-id=\"b4e20b9\" data-element_type=\"widget\" data-widget_type=\"heading.default\">\n\t\t\t\t\t<h2 class=\"elementor-heading-title elementor-size-default\">Thank you for signing up<\/h2>\t\t\t\t<\/div>\n\t\t\t\t<div class=\"elementor-element elementor-element-2d9e7f8 elementor-widget elementor-widget-text-editor\" data-id=\"2d9e7f8\" data-element_type=\"widget\" data-widget_type=\"text-editor.default\">\n\t\t\t\t\t\t\t\t\t<p data-start=\"510\" data-end=\"650\">Your submission was received successfully.<\/p><p data-start=\"510\" data-end=\"650\">We will contact you shortly with the next steps and details of your chosen pilgrimage or event.<\/p><p>In the meantime, you can return to Mystic Travel, explore other journeys or sign up for the newsletter for the upcoming events.<\/p>\t\t\t\t\t\t\t\t<\/div>\n\t\t\t\t\t<\/div>\n\t\t\t\t<\/div>\n\t\t\t\t<\/div>","protected":false},"excerpt":{"rendered":"<p>Thank you for signing up Your submission was received successfully. We will contact you shortly with the next steps and details of your chosen pilgrimage or event. In the meantime, you can return to Mystic Travel, explore other journeys or sign up for the newsletter for the upcoming events.<\/p>","protected":false},"author":2,"featured_media":0,"parent":0,"menu_order":0,"comment_status":"closed","ping_status":"closed","template":"","meta":{"footnotes":""},"class_list":["post-862","page","type-page","status-publish","hentry"],"yoast_head":"<!-- This site is optimized with the Yoast SEO plugin v27.5 - https:\/\/yoast.com\/product\/yoast-seo-wordpress\/ -->\n<title>Thank you - Mystic Travel<\/title>\n<meta name=\"robots\" content=\"index, follow, max-snippet:-1, max-image-preview:large, max-video-preview:-1\" \/>\n<link rel=\"canonical\" href=\"https:\/\/mystictravel.ie\/hu\/thank-you\/\" \/>\n<meta property=\"og:locale\" content=\"hu_HU\" \/>\n<meta property=\"og:type\" content=\"article\" \/>\n<meta property=\"og:title\" content=\"Thank you - Mystic Travel\" \/>\n<meta property=\"og:description\" content=\"Thank you for signing up Your submission was received successfully. We will contact you shortly with the next steps and details of your chosen pilgrimage or event. In the meantime, you can return to Mystic Travel, explore other journeys or sign up for the newsletter for the upcoming events.\" \/>\n<meta property=\"og:url\" content=\"https:\/\/mystictravel.ie\/hu\/thank-you\/\" \/>\n<meta property=\"og:site_name\" content=\"Mystic Travel\" \/>\n<meta property=\"article:modified_time\" content=\"2026-02-02T13:02:55+00:00\" \/>\n<meta name=\"twitter:card\" content=\"summary_large_image\" \/>\n<meta name=\"twitter:label1\" content=\"Becs\u00fclt olvas\u00e1si id\u0151\" \/>\n\t<meta name=\"twitter:data1\" content=\"1 perc\" \/>\n<script type=\"application\/ld+json\" class=\"yoast-schema-graph\">{\"@context\":\"https:\\\/\\\/schema.org\",\"@graph\":[{\"@type\":\"WebPage\",\"@id\":\"https:\\\/\\\/mystictravel.ie\\\/thank-you\\\/\",\"url\":\"https:\\\/\\\/mystictravel.ie\\\/thank-you\\\/\",\"name\":\"Thank you - Mystic Travel\",\"isPartOf\":{\"@id\":\"https:\\\/\\\/mystictravel.ie\\\/#website\"},\"datePublished\":\"2026-02-02T12:48:48+00:00\",\"dateModified\":\"2026-02-02T13:02:55+00:00\",\"breadcrumb\":{\"@id\":\"https:\\\/\\\/mystictravel.ie\\\/thank-you\\\/#breadcrumb\"},\"inLanguage\":\"hu\",\"potentialAction\":[{\"@type\":\"ReadAction\",\"target\":[\"https:\\\/\\\/mystictravel.ie\\\/thank-you\\\/\"]}]},{\"@type\":\"BreadcrumbList\",\"@id\":\"https:\\\/\\\/mystictravel.ie\\\/thank-you\\\/#breadcrumb\",\"itemListElement\":[{\"@type\":\"ListItem\",\"position\":1,\"name\":\"Kezd\u0151lap\",\"item\":\"https:\\\/\\\/mystictravel.ie\\\/\"},{\"@type\":\"ListItem\",\"position\":2,\"name\":\"Thank you\"}]},{\"@type\":\"WebSite\",\"@id\":\"https:\\\/\\\/mystictravel.ie\\\/#website\",\"url\":\"https:\\\/\\\/mystictravel.ie\\\/\",\"name\":\"Mystic Travel\",\"description\":\"Sacred journeys\",\"potentialAction\":[{\"@type\":\"SearchAction\",\"target\":{\"@type\":\"EntryPoint\",\"urlTemplate\":\"https:\\\/\\\/mystictravel.ie\\\/?s={search_term_string}\"},\"query-input\":{\"@type\":\"PropertyValueSpecification\",\"valueRequired\":true,\"valueName\":\"search_term_string\"}}],\"inLanguage\":\"hu\"}]}<\/script>\n<!-- \/ Yoast SEO plugin. -->","yoast_head_json":{"title":"Thank you - Mystic Travel","robots":{"index":"index","follow":"follow","max-snippet":"max-snippet:-1","max-image-preview":"max-image-preview:large","max-video-preview":"max-video-preview:-1"},"canonical":"https:\/\/mystictravel.ie\/hu\/thank-you\/","og_locale":"hu_HU","og_type":"article","og_title":"Thank you - Mystic Travel","og_description":"Thank you for signing up Your submission was received successfully. We will contact you shortly with the next steps and details of your chosen pilgrimage or event. In the meantime, you can return to Mystic Travel, explore other journeys or sign up for the newsletter for the upcoming events.","og_url":"https:\/\/mystictravel.ie\/hu\/thank-you\/","og_site_name":"Mystic Travel","article_modified_time":"2026-02-02T13:02:55+00:00","twitter_card":"summary_large_image","twitter_misc":{"Becs\u00fclt olvas\u00e1si id\u0151":"1 perc"},"schema":{"@context":"https:\/\/schema.org","@graph":[{"@type":"WebPage","@id":"https:\/\/mystictravel.ie\/thank-you\/","url":"https:\/\/mystictravel.ie\/thank-you\/","name":"Thank you - Mystic Travel","isPartOf":{"@id":"https:\/\/mystictravel.ie\/#website"},"datePublished":"2026-02-02T12:48:48+00:00","dateModified":"2026-02-02T13:02:55+00:00","breadcrumb":{"@id":"https:\/\/mystictravel.ie\/thank-you\/#breadcrumb"},"inLanguage":"hu","potentialAction":[{"@type":"ReadAction","target":["https:\/\/mystictravel.ie\/thank-you\/"]}]},{"@type":"BreadcrumbList","@id":"https:\/\/mystictravel.ie\/thank-you\/#breadcrumb","itemListElement":[{"@type":"ListItem","position":1,"name":"Kezd\u0151lap","item":"https:\/\/mystictravel.ie\/"},{"@type":"ListItem","position":2,"name":"Thank you"}]},{"@type":"WebSite","@id":"https:\/\/mystictravel.ie\/#website","url":"https:\/\/mystictravel.ie\/","name":"Mystic Travel","description":"Sacred journeys","potentialAction":[{"@type":"SearchAction","target":{"@type":"EntryPoint","urlTemplate":"https:\/\/mystictravel.ie\/?s={search_term_string}"},"query-input":{"@type":"PropertyValueSpecification","valueRequired":true,"valueName":"search_term_string"}}],"inLanguage":"hu"}]}},"_links":{"self":[{"href":"https:\/\/mystictravel.ie\/hu\/wp-json\/wp\/v2\/pages\/862","targetHints":{"allow":["GET"]}}],"collection":[{"href":"https:\/\/mystictravel.ie\/hu\/wp-json\/wp\/v2\/pages"}],"about":[{"href":"https:\/\/mystictravel.ie\/hu\/wp-json\/wp\/v2\/types\/page"}],"author":[{"embeddable":true,"href":"https:\/\/mystictravel.ie\/hu\/wp-json\/wp\/v2\/users\/2"}],"replies":[{"embeddable":true,"href":"https:\/\/mystictravel.ie\/hu\/wp-json\/wp\/v2\/comments?post=862"}],"version-history":[{"count":6,"href":"https:\/\/mystictravel.ie\/hu\/wp-json\/wp\/v2\/pages\/862\/revisions"}],"predecessor-version":[{"id":872,"href":"https:\/\/mystictravel.ie\/hu\/wp-json\/wp\/v2\/pages\/862\/revisions\/872"}],"wp:attachment":[{"href":"https:\/\/mystictravel.ie\/hu\/wp-json\/wp\/v2\/media?parent=862"}],"curies":[{"name":"wp","href":"https:\/\/api.w.org\/{rel}","templated":true}]}}